{"id":9251,"date":"2024-06-06T11:32:28","date_gmt":"2024-06-06T09:32:28","guid":{"rendered":"https:\/\/maquinsarent.com\/contacte\/"},"modified":"2024-09-26T12:07:18","modified_gmt":"2024-09-26T10:07:18","slug":"contacte","status":"publish","type":"page","link":"https:\/\/maquinsarent.com\/ca\/contacte\/","title":{"rendered":"Contacte"},"content":{"rendered":"\t\t<div data-elementor-type=\"wp-page\" data-elementor-id=\"9251\" class=\"elementor elementor-9251 elementor-6713\" data-elementor-post-type=\"page\">\n\t\t\t\t\t\t<section class=\"elementor-section elementor-top-section elementor-element elementor-element-803c719 elementor-section-content-middle elementor-section-boxed elementor-section-height-default elementor-section-height-default\" data-id=\"803c719\" data-element_type=\"section\" data-settings=\"{&quot;background_background&quot;:&quot;classic&quot;}\">\n\t\t\t\t\t\t\t<div class=\"elementor-background-overlay\"><\/div>\n\t\t\t\t\t\t\t<div class=\"elementor-container elementor-column-gap-no\">\n\t\t\t\t\t<div class=\"elementor-column elementor-col-100 elementor-top-column elementor-element elementor-element-8f25cc1\" data-id=\"8f25cc1\" data-element_type=\"column\">\n\t\t\t<div class=\"elementor-widget-wrap elementor-element-populated\">\n\t\t\t\t\t\t<div class=\"elementor-element elementor-element-9db0176 elementor-widget-divider--view-line elementor-widget elementor-widget-divider\" data-id=\"9db0176\" data-element_type=\"widget\" data-widget_type=\"divider.default\">\n\t\t\t\t<div class=\"elementor-widget-container\">\n\t\t\t\t\t\t\t<div class=\"elementor-divider\">\n\t\t\t<span class=\"elementor-divider-separator\">\n\t\t\t\t\t\t<\/span>\n\t\t<\/div>\n\t\t\t\t\t\t<\/div>\n\t\t\t\t<\/div>\n\t\t\t\t<div class=\"elementor-element elementor-element-c4d5330 elementor-widget elementor-widget-heading\" data-id=\"c4d5330\" data-element_type=\"widget\" data-widget_type=\"heading.default\">\n\t\t\t\t<div class=\"elementor-widget-container\">\n\t\t\t\t\t<h1 class=\"elementor-heading-title elementor-size-default\">Contacte<\/h1>\t\t\t\t<\/div>\n\t\t\t\t<\/div>\n\t\t\t\t\t<\/div>\n\t\t<\/div>\n\t\t\t\t\t<\/div>\n\t\t<\/section>\n\t\t\t\t<section class=\"elementor-section elementor-top-section elementor-element elementor-element-2b007f8 elementor-section-boxed elementor-section-height-default elementor-section-height-default\" data-id=\"2b007f8\" data-element_type=\"section\">\n\t\t\t\t\t\t<div class=\"elementor-container elementor-column-gap-default\">\n\t\t\t\t\t<div class=\"jet-sticky-column elementor-column elementor-col-100 elementor-top-column elementor-element elementor-element-f993c81\" data-jet-settings=\"{&quot;id&quot;:&quot;f993c81&quot;,&quot;sticky&quot;:true,&quot;topSpacing&quot;:70,&quot;bottomSpacing&quot;:&quot;&quot;,&quot;stickyOn&quot;:[&quot;desktop&quot;],&quot;behavior&quot;:&quot;default&quot;,&quot;zIndex&quot;:1100}\" data-id=\"f993c81\" data-element_type=\"column\">\n\t\t\t<div class=\"elementor-widget-wrap elementor-element-populated\">\n\t\t\t\t\t\t<div class=\"elementor-element elementor-element-49de5e5 elementor-widget elementor-widget-heading\" data-id=\"49de5e5\" data-element_type=\"widget\" data-widget_type=\"heading.default\">\n\t\t\t\t<div class=\"elementor-widget-container\">\n\t\t\t\t\t<h2 class=\"elementor-heading-title elementor-size-default\">Formulari de contacte<\/h2>\t\t\t\t<\/div>\n\t\t\t\t<\/div>\n\t\t\t\t<section class=\"elementor-section elementor-inner-section elementor-element elementor-element-a953cc3 elementor-section-full_width elementor-section-height-default elementor-section-height-default\" data-id=\"a953cc3\" data-element_type=\"section\" data-settings=\"{&quot;background_background&quot;:&quot;classic&quot;}\">\n\t\t\t\t\t\t<div class=\"elementor-container elementor-column-gap-no\">\n\t\t\t\t\t<div class=\"elementor-column elementor-col-100 elementor-inner-column elementor-element elementor-element-142ed9e\" data-id=\"142ed9e\" data-element_type=\"column\">\n\t\t\t<div class=\"elementor-widget-wrap elementor-element-populated\">\n\t\t\t\t\t\t<div class=\"elementor-element elementor-element-583b31c elementor-widget elementor-widget-text-editor\" data-id=\"583b31c\" data-element_type=\"widget\" data-widget_type=\"text-editor.default\">\n\t\t\t\t<div class=\"elementor-widget-container\">\n\t\t\t\t\t\t\t\t\t<p>Omple el seg\u00fcent formulari i ens posarem en contacte amb vost\u00e8 el m\u00e9s aviat possible.  <\/p>\n\t\t\t\t\t\t\t\t<\/div>\n\t\t\t\t<\/div>\n\t\t\t\t<div class=\"elementor-element elementor-element-b4e0724 elementor-button-align-stretch elementor-widget elementor-widget-form\" data-id=\"b4e0724\" data-element_type=\"widget\" data-settings=\"{&quot;step_next_label&quot;:&quot;Seg\\u00fcent&quot;,&quot;step_previous_label&quot;:&quot;Anterior&quot;,&quot;button_width&quot;:&quot;100&quot;,&quot;step_type&quot;:&quot;number_text&quot;,&quot;step_icon_shape&quot;:&quot;circle&quot;}\" data-widget_type=\"form.default\">\n\t\t\t\t<div class=\"elementor-widget-container\">\n\t\t\t\t\t\t\t<form class=\"elementor-form\" method=\"post\" name=\"Formulari de CONTACTE\" aria-label=\"Formulari de CONTACTE\">\n\t\t\t<input type=\"hidden\" name=\"post_id\" value=\"9251\"\/>\n\t\t\t<input type=\"hidden\" name=\"form_id\" value=\"b4e0724\"\/>\n\t\t\t<input type=\"hidden\" name=\"referer_title\" value=\"Maquinsarent\" \/>\n\n\t\t\t\n\t\t\t<div class=\"elementor-form-fields-wrapper elementor-labels-\">\n\t\t\t\t\t\t\t\t<div class=\"elementor-field-type-select elementor-field-group elementor-column elementor-field-group-delegacion elementor-col-100 elementor-field-required\">\n\t\t\t\t\t\t\t\t\t\t\t\t<label for=\"form-field-delegacion\" class=\"elementor-field-label elementor-screen-only\">\n\t\t\t\t\t\t\t\tDelegaci\u00f3\t\t\t\t\t\t\t<\/label>\n\t\t\t\t\t\t\t\t<div class=\"elementor-field elementor-select-wrapper remove-before \">\n\t\t\t<div class=\"select-caret-down-wrapper\">\n\t\t\t\t<svg aria-hidden=\"true\" class=\"e-font-icon-svg e-eicon-caret-down\" viewBox=\"0 0 571.4 571.4\" xmlns=\"http:\/\/www.w3.org\/2000\/svg\"><path d=\"M571 393Q571 407 561 418L311 668Q300 679 286 679T261 668L11 418Q0 407 0 393T11 368 36 357H536Q550 357 561 368T571 393Z\"><\/path><\/svg>\t\t\t<\/div>\n\t\t\t<select name=\"form_fields[delegacion]\" id=\"form-field-delegacion\" class=\"elementor-field-textual elementor-size-sm\" required=\"required\">\n\t\t\t\t\t\t\t\t\t<option value=\" comercial.lleida@simmaq.net TARRAGONA \">Zona lloguer:* LLEIDA <\/option>\n\t\t\t\t\t\t\t<\/select>\n\t\t<\/div>\n\t\t\t\t\t\t<\/div>\n\t\t\t\t\t\t\t\t<div class=\"elementor-field-type-text elementor-field-group elementor-column elementor-field-group-name elementor-col-50 elementor-field-required\">\n\t\t\t\t\t\t\t\t\t\t\t\t<label for=\"form-field-name\" class=\"elementor-field-label elementor-screen-only\">\n\t\t\t\t\t\t\t\tNom\t\t\t\t\t\t\t<\/label>\n\t\t\t\t\t\t\t\t\t\t\t\t\t\t<input size=\"1\" type=\"text\" name=\"form_fields[name]\" id=\"form-field-name\" class=\"elementor-field elementor-size-sm  elementor-field-textual\" placeholder=\"Nom:*\" required=\"required\">\n\t\t\t\t\t\t\t\t\t\t\t<\/div>\n\t\t\t\t\t\t\t\t<div class=\"elementor-field-type-tel elementor-field-group elementor-column elementor-field-group-field_90a35ce elementor-col-50 elementor-field-required\">\n\t\t\t\t\t\t\t\t\t\t\t\t<label for=\"form-field-field_90a35ce\" class=\"elementor-field-label elementor-screen-only\">\n\t\t\t\t\t\t\t\tTel\u00e8fon\t\t\t\t\t\t\t<\/label>\n\t\t\t\t\t\t\t\t<input size=\"1\" type=\"tel\" name=\"form_fields[field_90a35ce]\" id=\"form-field-field_90a35ce\" class=\"elementor-field elementor-size-sm  elementor-field-textual\" placeholder=\"Tel\u00e8fon:*\" required=\"required\" pattern=\"[0-9()#&amp;+*-=.]+\" title=\"Only numbers and phone characters (#, -, *, etc) are accepted.\">\n\n\t\t\t\t\t\t<\/div>\n\t\t\t\t\t\t\t\t<div class=\"elementor-field-type-email elementor-field-group elementor-column elementor-field-group-email elementor-col-50\">\n\t\t\t\t\t\t\t\t\t\t\t\t<label for=\"form-field-email\" class=\"elementor-field-label elementor-screen-only\">\n\t\t\t\t\t\t\t\tCorreu electr\u00f2nic\t\t\t\t\t\t\t<\/label>\n\t\t\t\t\t\t\t\t\t\t\t\t\t\t<input size=\"1\" type=\"email\" name=\"form_fields[email]\" id=\"form-field-email\" class=\"elementor-field elementor-size-sm  elementor-field-textual\" placeholder=\"Correu electr\u00f2nic:\">\n\t\t\t\t\t\t\t\t\t\t\t<\/div>\n\t\t\t\t\t\t\t\t<div class=\"elementor-field-type-text elementor-field-group elementor-column elementor-field-group-field_1b243e4 elementor-col-50\">\n\t\t\t\t\t\t\t\t\t\t\t\t<label for=\"form-field-field_1b243e4\" class=\"elementor-field-label elementor-screen-only\">\n\t\t\t\t\t\t\t\tEmpresa\t\t\t\t\t\t\t<\/label>\n\t\t\t\t\t\t\t\t\t\t\t\t\t\t<input size=\"1\" type=\"text\" name=\"form_fields[field_1b243e4]\" id=\"form-field-field_1b243e4\" class=\"elementor-field elementor-size-sm  elementor-field-textual\" placeholder=\"Empresa:\">\n\t\t\t\t\t\t\t\t\t\t\t<\/div>\n\t\t\t\t\t\t\t\t<div class=\"elementor-field-type-textarea elementor-field-group elementor-column elementor-field-group-field_3097b14 elementor-col-100\">\n\t\t\t\t\t\t\t\t\t\t\t\t<label for=\"form-field-field_3097b14\" class=\"elementor-field-label elementor-screen-only\">\n\t\t\t\t\t\t\t\tMissatge\t\t\t\t\t\t\t<\/label>\n\t\t\t\t\t\t<textarea class=\"elementor-field-textual elementor-field  elementor-size-sm\" name=\"form_fields[field_3097b14]\" id=\"form-field-field_3097b14\" rows=\"3\" placeholder=\"Missatge:\"><\/textarea>\t\t\t\t<\/div>\n\t\t\t\t\t\t\t\t<div class=\"elementor-field-type-text\">\n\t\t\t\t\t<input size=\"1\" type=\"text\" name=\"form_fields[field_f7b9aa5]\" id=\"form-field-field_f7b9aa5\" class=\"elementor-field elementor-size-sm \" style=\"display:none !important;\">\t\t\t\t<\/div>\n\t\t\t\t\t\t\t\t<div class=\"elementor-field-type-acceptance elementor-field-group elementor-column elementor-field-group-field_49a0776 elementor-col-100 elementor-field-required\">\n\t\t\t\t\t\t\t\t\t\t\t\t<label for=\"form-field-field_49a0776\" class=\"elementor-field-label elementor-screen-only\">\n\t\t\t\t\t\t\t\tPol\u00edtica de privadesa\t\t\t\t\t\t\t<\/label>\n\t\t\t\t\t\t\t\t<div class=\"elementor-field-subgroup\">\n\t\t\t<span class=\"elementor-field-option\">\n\t\t\t\t<input type=\"checkbox\" name=\"form_fields[field_49a0776]\" id=\"form-field-field_49a0776\" class=\"elementor-field elementor-size-sm  elementor-acceptance-field\" required=\"required\">\n\t\t\t\t<label for=\"form-field-field_49a0776\">He llegit i accepto la pol\u00edtica de privadesa.*<\/label>\t\t\t<\/span>\n\t\t<\/div>\n\t\t\t\t\t\t<\/div>\n\t\t\t\t\t\t\t\t<div class=\"elementor-field-type-recaptcha_v3 elementor-field-group elementor-column elementor-field-group-field_0833592 elementor-col-100 recaptcha_v3-inline\">\n\t\t\t\t\t<div class=\"elementor-field\" id=\"form-field-field_0833592\"><div class=\"elementor-g-recaptcha\" data-sitekey=\"6LdwuhAqAAAAAFajkekdNCklbkb-nRapgaB8Atel\" data-type=\"v3\" data-action=\"Form\" data-badge=\"inline\" data-size=\"invisible\"><\/div><\/div>\t\t\t\t<\/div>\n\t\t\t\t\t\t\t\t<div class=\"elementor-field-group elementor-column elementor-field-type-submit elementor-col-100 e-form__buttons\">\n\t\t\t\t\t<button class=\"elementor-button elementor-size-sm\" type=\"submit\">\n\t\t\t\t\t\t<span class=\"elementor-button-content-wrapper\">\n\t\t\t\t\t\t\t\t\t\t\t\t\t\t\t\t\t\t\t\t\t\t<span class=\"elementor-button-text\">Enviar<\/span>\n\t\t\t\t\t\t\t\t\t\t\t\t\t<\/span>\n\t\t\t\t\t<\/button>\n\t\t\t\t<\/div>\n\t\t\t<\/div>\n\t\t<\/form>\n\t\t\t\t\t\t<\/div>\n\t\t\t\t<\/div>\n\t\t\t\t\t<\/div>\n\t\t<\/div>\n\t\t\t\t\t<\/div>\n\t\t<\/section>\n\t\t\t\t\t<\/div>\n\t\t<\/div>\n\t\t\t\t\t<\/div>\n\t\t<\/section>\n\t\t\t\t<\/div>\n\t\t","protected":false},"excerpt":{"rendered":"<p>Contacte Formulari de contacte Omple el seg\u00fcent formulari i ens posarem en contacte amb vost\u00e8 el m\u00e9s aviat possible.<\/p>\n","protected":false},"author":1,"featured_media":0,"parent":0,"menu_order":0,"comment_status":"closed","ping_status":"closed","template":"elementor_header_footer","meta":{"footnotes":""},"class_list":["post-9251","page","type-page","status-publish","hentry"],"yoast_head":"<!-- This site is optimized with the Yoast SEO plugin v26.1.1 - https:\/\/yoast.com\/wordpress\/plugins\/seo\/ -->\n<title>Contacte - Maquinsarent<\/title>\n<meta name=\"robots\" content=\"index, follow, max-snippet:-1, max-image-preview:large, max-video-preview:-1\" \/>\n<link rel=\"canonical\" href=\"https:\/\/maquinsarent.com\/ca\/contacte\/\" \/>\n<meta property=\"og:locale\" content=\"ca_ES\" \/>\n<meta property=\"og:type\" content=\"article\" \/>\n<meta property=\"og:title\" content=\"Contacte - Maquinsarent\" \/>\n<meta property=\"og:description\" content=\"Contacte Formulari de contacte Omple el seg\u00fcent formulari i ens posarem en contacte amb vost\u00e8 el m\u00e9s aviat possible.\" \/>\n<meta property=\"og:url\" content=\"https:\/\/maquinsarent.com\/ca\/contacte\/\" \/>\n<meta property=\"og:site_name\" content=\"Maquinsarent\" \/>\n<meta property=\"article:modified_time\" content=\"2024-09-26T10:07:18+00:00\" \/>\n<meta name=\"twitter:card\" content=\"summary_large_image\" \/>\n<script type=\"application\/ld+json\" class=\"yoast-schema-graph\">{\"@context\":\"https:\/\/schema.org\",\"@graph\":[{\"@type\":\"WebPage\",\"@id\":\"https:\/\/maquinsarent.com\/ca\/contacte\/\",\"url\":\"https:\/\/maquinsarent.com\/ca\/contacte\/\",\"name\":\"Contacte - Maquinsarent\",\"isPartOf\":{\"@id\":\"https:\/\/maquinsarent.com\/ca\/#website\"},\"datePublished\":\"2024-06-06T09:32:28+00:00\",\"dateModified\":\"2024-09-26T10:07:18+00:00\",\"breadcrumb\":{\"@id\":\"https:\/\/maquinsarent.com\/ca\/contacte\/#breadcrumb\"},\"inLanguage\":\"ca\",\"potentialAction\":[{\"@type\":\"ReadAction\",\"target\":[\"https:\/\/maquinsarent.com\/ca\/contacte\/\"]}]},{\"@type\":\"BreadcrumbList\",\"@id\":\"https:\/\/maquinsarent.com\/ca\/contacte\/#breadcrumb\",\"itemListElement\":[{\"@type\":\"ListItem\",\"position\":1,\"name\":\"Portada\",\"item\":\"https:\/\/maquinsarent.com\/ca\/\"},{\"@type\":\"ListItem\",\"position\":2,\"name\":\"Contacte\"}]},{\"@type\":\"WebSite\",\"@id\":\"https:\/\/maquinsarent.com\/ca\/#website\",\"url\":\"https:\/\/maquinsarent.com\/ca\/\",\"name\":\"Maquinsarent\",\"description\":\"La teva soluci\u00f3 en maquin\u00e0ria\",\"publisher\":{\"@id\":\"https:\/\/maquinsarent.com\/ca\/#organization\"},\"potentialAction\":[{\"@type\":\"SearchAction\",\"target\":{\"@type\":\"EntryPoint\",\"urlTemplate\":\"https:\/\/maquinsarent.com\/ca\/?s={search_term_string}\"},\"query-input\":{\"@type\":\"PropertyValueSpecification\",\"valueRequired\":true,\"valueName\":\"search_term_string\"}}],\"inLanguage\":\"ca\"},{\"@type\":\"Organization\",\"@id\":\"https:\/\/maquinsarent.com\/ca\/#organization\",\"name\":\"Maquinsarent\",\"url\":\"https:\/\/maquinsarent.com\/ca\/\",\"logo\":{\"@type\":\"ImageObject\",\"inLanguage\":\"ca\",\"@id\":\"https:\/\/maquinsarent.com\/ca\/#\/schema\/logo\/image\/\",\"url\":\"https:\/\/maquinsarent.com\/wp-content\/uploads\/2020\/03\/Maquinsarent-logo-blanco.svg\",\"contentUrl\":\"https:\/\/maquinsarent.com\/wp-content\/uploads\/2020\/03\/Maquinsarent-logo-blanco.svg\",\"width\":435.12,\"height\":139.14,\"caption\":\"Maquinsarent\"},\"image\":{\"@id\":\"https:\/\/maquinsarent.com\/ca\/#\/schema\/logo\/image\/\"},\"sameAs\":[\"https:\/\/www.linkedin.com\/company\/maquinsarent\/\",\"https:\/\/instagram.com\/maquinsarent\/\"]}]}<\/script>\n<!-- \/ Yoast SEO plugin. -->","yoast_head_json":{"title":"Contacte - Maquinsarent","robots":{"index":"index","follow":"follow","max-snippet":"max-snippet:-1","max-image-preview":"max-image-preview:large","max-video-preview":"max-video-preview:-1"},"canonical":"https:\/\/maquinsarent.com\/ca\/contacte\/","og_locale":"ca_ES","og_type":"article","og_title":"Contacte - Maquinsarent","og_description":"Contacte Formulari de contacte Omple el seg\u00fcent formulari i ens posarem en contacte amb vost\u00e8 el m\u00e9s aviat possible.","og_url":"https:\/\/maquinsarent.com\/ca\/contacte\/","og_site_name":"Maquinsarent","article_modified_time":"2024-09-26T10:07:18+00:00","twitter_card":"summary_large_image","schema":{"@context":"https:\/\/schema.org","@graph":[{"@type":"WebPage","@id":"https:\/\/maquinsarent.com\/ca\/contacte\/","url":"https:\/\/maquinsarent.com\/ca\/contacte\/","name":"Contacte - Maquinsarent","isPartOf":{"@id":"https:\/\/maquinsarent.com\/ca\/#website"},"datePublished":"2024-06-06T09:32:28+00:00","dateModified":"2024-09-26T10:07:18+00:00","breadcrumb":{"@id":"https:\/\/maquinsarent.com\/ca\/contacte\/#breadcrumb"},"inLanguage":"ca","potentialAction":[{"@type":"ReadAction","target":["https:\/\/maquinsarent.com\/ca\/contacte\/"]}]},{"@type":"BreadcrumbList","@id":"https:\/\/maquinsarent.com\/ca\/contacte\/#breadcrumb","itemListElement":[{"@type":"ListItem","position":1,"name":"Portada","item":"https:\/\/maquinsarent.com\/ca\/"},{"@type":"ListItem","position":2,"name":"Contacte"}]},{"@type":"WebSite","@id":"https:\/\/maquinsarent.com\/ca\/#website","url":"https:\/\/maquinsarent.com\/ca\/","name":"Maquinsarent","description":"La teva soluci\u00f3 en maquin\u00e0ria","publisher":{"@id":"https:\/\/maquinsarent.com\/ca\/#organization"},"potentialAction":[{"@type":"SearchAction","target":{"@type":"EntryPoint","urlTemplate":"https:\/\/maquinsarent.com\/ca\/?s={search_term_string}"},"query-input":{"@type":"PropertyValueSpecification","valueRequired":true,"valueName":"search_term_string"}}],"inLanguage":"ca"},{"@type":"Organization","@id":"https:\/\/maquinsarent.com\/ca\/#organization","name":"Maquinsarent","url":"https:\/\/maquinsarent.com\/ca\/","logo":{"@type":"ImageObject","inLanguage":"ca","@id":"https:\/\/maquinsarent.com\/ca\/#\/schema\/logo\/image\/","url":"https:\/\/maquinsarent.com\/wp-content\/uploads\/2020\/03\/Maquinsarent-logo-blanco.svg","contentUrl":"https:\/\/maquinsarent.com\/wp-content\/uploads\/2020\/03\/Maquinsarent-logo-blanco.svg","width":435.12,"height":139.14,"caption":"Maquinsarent"},"image":{"@id":"https:\/\/maquinsarent.com\/ca\/#\/schema\/logo\/image\/"},"sameAs":["https:\/\/www.linkedin.com\/company\/maquinsarent\/","https:\/\/instagram.com\/maquinsarent\/"]}]}},"_links":{"self":[{"href":"https:\/\/maquinsarent.com\/ca\/wp-json\/wp\/v2\/pages\/9251","targetHints":{"allow":["GET"]}}],"collection":[{"href":"https:\/\/maquinsarent.com\/ca\/wp-json\/wp\/v2\/pages"}],"about":[{"href":"https:\/\/maquinsarent.com\/ca\/wp-json\/wp\/v2\/types\/page"}],"author":[{"embeddable":true,"href":"https:\/\/maquinsarent.com\/ca\/wp-json\/wp\/v2\/users\/1"}],"replies":[{"embeddable":true,"href":"https:\/\/maquinsarent.com\/ca\/wp-json\/wp\/v2\/comments?post=9251"}],"version-history":[{"count":4,"href":"https:\/\/maquinsarent.com\/ca\/wp-json\/wp\/v2\/pages\/9251\/revisions"}],"predecessor-version":[{"id":9910,"href":"https:\/\/maquinsarent.com\/ca\/wp-json\/wp\/v2\/pages\/9251\/revisions\/9910"}],"wp:attachment":[{"href":"https:\/\/maquinsarent.com\/ca\/wp-json\/wp\/v2\/media?parent=9251"}],"curies":[{"name":"wp","href":"https:\/\/api.w.org\/{rel}","templated":true}]}}