{"id":9234,"date":"2024-05-14T12:25:48","date_gmt":"2024-05-14T10:25:48","guid":{"rendered":"https:\/\/maquinsarent.com\/assistencia-tecnica\/"},"modified":"2024-09-26T12:04:07","modified_gmt":"2024-09-26T10:04:07","slug":"assistencia-tecnica","status":"publish","type":"page","link":"https:\/\/maquinsarent.com\/ca\/assistencia-tecnica\/","title":{"rendered":"Assist\u00e8ncia t\u00e8cnica"},"content":{"rendered":"\t\t<div data-elementor-type=\"wp-page\" data-elementor-id=\"9234\" class=\"elementor elementor-9234 elementor-5341\" data-elementor-post-type=\"page\">\n\t\t\t\t\t\t<section class=\"elementor-section elementor-top-section elementor-element elementor-element-78948a3 elementor-section-content-middle elementor-section-boxed elementor-section-height-default elementor-section-height-default\" data-id=\"78948a3\" data-element_type=\"section\" data-settings=\"{&quot;background_background&quot;:&quot;classic&quot;}\">\n\t\t\t\t\t\t\t<div class=\"elementor-background-overlay\"><\/div>\n\t\t\t\t\t\t\t<div class=\"elementor-container elementor-column-gap-no\">\n\t\t\t\t\t<div class=\"elementor-column elementor-col-100 elementor-top-column elementor-element elementor-element-70555db\" data-id=\"70555db\" data-element_type=\"column\">\n\t\t\t<div class=\"elementor-widget-wrap elementor-element-populated\">\n\t\t\t\t\t\t<div class=\"elementor-element elementor-element-54eefb8 elementor-widget-divider--view-line elementor-widget elementor-widget-divider\" data-id=\"54eefb8\" data-element_type=\"widget\" data-widget_type=\"divider.default\">\n\t\t\t\t<div class=\"elementor-widget-container\">\n\t\t\t\t\t\t\t<div class=\"elementor-divider\">\n\t\t\t<span class=\"elementor-divider-separator\">\n\t\t\t\t\t\t<\/span>\n\t\t<\/div>\n\t\t\t\t\t\t<\/div>\n\t\t\t\t<\/div>\n\t\t\t\t<div class=\"elementor-element elementor-element-5b719d4 elementor-widget elementor-widget-heading\" data-id=\"5b719d4\" data-element_type=\"widget\" data-widget_type=\"heading.default\">\n\t\t\t\t<div class=\"elementor-widget-container\">\n\t\t\t\t\t<h1 class=\"elementor-heading-title elementor-size-default\">Assist\u00e8ncia t\u00e8cnica<\/h1>\t\t\t\t<\/div>\n\t\t\t\t<\/div>\n\t\t\t\t\t<\/div>\n\t\t<\/div>\n\t\t\t\t\t<\/div>\n\t\t<\/section>\n\t\t\t\t<section class=\"elementor-section elementor-top-section elementor-element elementor-element-f89676c elementor-section-boxed elementor-section-height-default elementor-section-height-default\" data-id=\"f89676c\" data-element_type=\"section\">\n\t\t\t\t\t\t<div class=\"elementor-container elementor-column-gap-default\">\n\t\t\t\t\t<div class=\"elementor-column elementor-col-50 elementor-top-column elementor-element elementor-element-f0a74f0\" data-id=\"f0a74f0\" data-element_type=\"column\">\n\t\t\t<div class=\"elementor-widget-wrap elementor-element-populated\">\n\t\t\t\t\t\t<div class=\"elementor-element elementor-element-95a3248 elementor-widget-divider--view-line elementor-widget elementor-widget-divider\" data-id=\"95a3248\" data-element_type=\"widget\" data-widget_type=\"divider.default\">\n\t\t\t\t<div class=\"elementor-widget-container\">\n\t\t\t\t\t\t\t<div class=\"elementor-divider\">\n\t\t\t<span class=\"elementor-divider-separator\">\n\t\t\t\t\t\t<\/span>\n\t\t<\/div>\n\t\t\t\t\t\t<\/div>\n\t\t\t\t<\/div>\n\t\t\t\t<div class=\"elementor-element elementor-element-3407c73 elementor-widget elementor-widget-heading\" data-id=\"3407c73\" data-element_type=\"widget\" data-widget_type=\"heading.default\">\n\t\t\t\t<div class=\"elementor-widget-container\">\n\t\t\t\t\t<h2 class=\"elementor-heading-title elementor-size-default\">El servei d\u00b4assist\u00e8ncia t\u00e8cnica dels nostres tallers de lloguer i venda de maquin\u00e0ria es destaca per:\n<\/h2>\t\t\t\t<\/div>\n\t\t\t\t<\/div>\n\t\t\t\t<div class=\"elementor-element elementor-element-fd68d49 elementor-widget elementor-widget-icon-box\" data-id=\"fd68d49\" data-element_type=\"widget\" data-widget_type=\"icon-box.default\">\n\t\t\t\t<div class=\"elementor-widget-container\">\n\t\t\t\t\t\t\t<div class=\"elementor-icon-box-wrapper\">\n\n\t\t\t\n\t\t\t\t\t\t<div class=\"elementor-icon-box-content\">\n\n\t\t\t\t\t\t\t\t\t<h3 class=\"elementor-icon-box-title\">\n\t\t\t\t\t\t<span  >\n\t\t\t\t\t\t\t\u27a4 Solucions d'avaries a l'obra:\t\t\t\t\t\t<\/span>\n\t\t\t\t\t<\/h3>\n\t\t\t\t\n\t\t\t\t\t\t\t\t\t<p class=\"elementor-icon-box-description\">\n\t\t\t\t\t\tEl nostre equip t\u00e8cnic est\u00e0 disponible per brindar assist\u00e8ncia \u00e0gil i eficient al lloc de treball, garantint la r\u00e0pida resoluci\u00f3 de qualsevol problema que pugui sorgir durant l'\u00fas de la maquin\u00e0ria i permetre als nostres clients la r\u00e0pida represa de la seva tasca.\t\t\t\t\t<\/p>\n\t\t\t\t\n\t\t\t<\/div>\n\t\t\t\n\t\t<\/div>\n\t\t\t\t\t\t<\/div>\n\t\t\t\t<\/div>\n\t\t\t\t<div class=\"elementor-element elementor-element-7a03d4b elementor-widget elementor-widget-icon-box\" data-id=\"7a03d4b\" data-element_type=\"widget\" data-widget_type=\"icon-box.default\">\n\t\t\t\t<div class=\"elementor-widget-container\">\n\t\t\t\t\t\t\t<div class=\"elementor-icon-box-wrapper\">\n\n\t\t\t\n\t\t\t\t\t\t<div class=\"elementor-icon-box-content\">\n\n\t\t\t\t\t\t\t\t\t<h3 class=\"elementor-icon-box-title\">\n\t\t\t\t\t\t<span  >\n\t\t\t\t\t\t\t\u27a4 Manteniment mensual a l'obra:  \t\t\t\t\t\t<\/span>\n\t\t\t\t\t<\/h3>\n\t\t\t\t\n\t\t\t\t\t\t\t\t\t<p class=\"elementor-icon-box-description\">\n\t\t\t\t\t\tRealitzem un servei de manteniment preventiu programat al lloc de l'obra, assegurant l'\u00f2ptim funcionament de la maquin\u00e0ria i evitant possibles fallades o interrupcions a la feina.\t\t\t\t\t<\/p>\n\t\t\t\t\n\t\t\t<\/div>\n\t\t\t\n\t\t<\/div>\n\t\t\t\t\t\t<\/div>\n\t\t\t\t<\/div>\n\t\t\t\t<div class=\"elementor-element elementor-element-d3d932d elementor-widget elementor-widget-spacer\" data-id=\"d3d932d\" data-element_type=\"widget\" data-widget_type=\"spacer.default\">\n\t\t\t\t<div class=\"elementor-widget-container\">\n\t\t\t\t\t\t\t<div class=\"elementor-spacer\">\n\t\t\t<div class=\"elementor-spacer-inner\"><\/div>\n\t\t<\/div>\n\t\t\t\t\t\t<\/div>\n\t\t\t\t<\/div>\n\t\t\t\t\t<\/div>\n\t\t<\/div>\n\t\t\t\t<div class=\"elementor-column elementor-col-50 elementor-top-column elementor-element elementor-element-80d2a72\" data-id=\"80d2a72\" data-element_type=\"column\">\n\t\t\t<div class=\"elementor-widget-wrap elementor-element-populated\">\n\t\t\t\t\t\t<div class=\"elementor-element elementor-element-7fc08ec elementor-hidden-mobile elementor-widget elementor-widget-spacer\" data-id=\"7fc08ec\" data-element_type=\"widget\" data-widget_type=\"spacer.default\">\n\t\t\t\t<div class=\"elementor-widget-container\">\n\t\t\t\t\t\t\t<div class=\"elementor-spacer\">\n\t\t\t<div class=\"elementor-spacer-inner\"><\/div>\n\t\t<\/div>\n\t\t\t\t\t\t<\/div>\n\t\t\t\t<\/div>\n\t\t\t\t<div class=\"elementor-element elementor-element-44a1e9b elementor-widget elementor-widget-icon-box\" data-id=\"44a1e9b\" data-element_type=\"widget\" data-widget_type=\"icon-box.default\">\n\t\t\t\t<div class=\"elementor-widget-container\">\n\t\t\t\t\t\t\t<div class=\"elementor-icon-box-wrapper\">\n\n\t\t\t\n\t\t\t\t\t\t<div class=\"elementor-icon-box-content\">\n\n\t\t\t\t\t\t\t\t\t<h3 class=\"elementor-icon-box-title\">\n\t\t\t\t\t\t<span  >\n\t\t\t\t\t\t\t\u27a4 Reparaci\u00f3 al taller:  \t\t\t\t\t\t<\/span>\n\t\t\t\t\t<\/h3>\n\t\t\t\t\n\t\t\t\t\t\t\t\t\t<p class=\"elementor-icon-box-description\">\n\t\t\t\t\t\tComptem amb instal\u00b7lacions especialitzades i personal qualificat per realitzar reparacions m\u00e9s complexes o extenses als nostres tallers, garantint la qualitat i durabilitat de les reparacions realitzades.\t\t\t\t\t<\/p>\n\t\t\t\t\n\t\t\t<\/div>\n\t\t\t\n\t\t<\/div>\n\t\t\t\t\t\t<\/div>\n\t\t\t\t<\/div>\n\t\t\t\t<div class=\"elementor-element elementor-element-6a50f1c elementor-widget elementor-widget-icon-box\" data-id=\"6a50f1c\" data-element_type=\"widget\" data-widget_type=\"icon-box.default\">\n\t\t\t\t<div class=\"elementor-widget-container\">\n\t\t\t\t\t\t\t<div class=\"elementor-icon-box-wrapper\">\n\n\t\t\t\n\t\t\t\t\t\t<div class=\"elementor-icon-box-content\">\n\n\t\t\t\t\t\t\t\t\t<h3 class=\"elementor-icon-box-title\">\n\t\t\t\t\t\t<span  >\n\t\t\t\t\t\t\t\u27a4 Revisi\u00f3 de m\u00e0quina a taller entre lloguers:  \t\t\t\t\t\t<\/span>\n\t\t\t\t\t<\/h3>\n\t\t\t\t\n\t\t\t\t\t\t\t\t\t<p class=\"elementor-icon-box-description\">\n\t\t\t\t\t\tAbans i despr\u00e9s de cada lloguer, duem a terme una exhaustiva revisi\u00f3 de la maquin\u00e0ria als nostres tallers, assegurant el seu correcte estat i funcionament per garantir la satisfacci\u00f3 i seguretat del client en cada \u00fas.\t\t\t\t\t<\/p>\n\t\t\t\t\n\t\t\t<\/div>\n\t\t\t\n\t\t<\/div>\n\t\t\t\t\t\t<\/div>\n\t\t\t\t<\/div>\n\t\t\t\t\t<\/div>\n\t\t<\/div>\n\t\t\t\t\t<\/div>\n\t\t<\/section>\n\t\t\t\t<\/div>\n\t\t","protected":false},"excerpt":{"rendered":"<p>Assist\u00e8ncia t\u00e8cnica El servei d\u00b4assist\u00e8ncia t\u00e8cnica dels nostres tallers de lloguer i venda de maquin\u00e0ria es destaca per: \u27a4 Solucions d&#8217;avaries a l&#8217;obra: El nostre equip t\u00e8cnic est\u00e0 disponible per brindar assist\u00e8ncia \u00e0gil i eficient al lloc de treball, garantint la r\u00e0pida resoluci\u00f3 de qualsevol problema que pugui sorgir durant l&#8217;\u00fas de la maquin\u00e0ria i [&hellip;]<\/p>\n","protected":false},"author":1,"featured_media":0,"parent":0,"menu_order":0,"comment_status":"closed","ping_status":"closed","template":"elementor_header_footer","meta":{"footnotes":""},"class_list":["post-9234","page","type-page","status-publish","hentry"],"yoast_head":"<!-- This site is optimized with the Yoast SEO plugin v26.1.1 - https:\/\/yoast.com\/wordpress\/plugins\/seo\/ -->\n<title>Assist\u00e8ncia t\u00e8cnica - Maquinsarent<\/title>\n<meta name=\"robots\" content=\"index, follow, max-snippet:-1, max-image-preview:large, max-video-preview:-1\" \/>\n<link rel=\"canonical\" href=\"https:\/\/maquinsarent.com\/ca\/assistencia-tecnica\/\" \/>\n<meta property=\"og:locale\" content=\"ca_ES\" \/>\n<meta property=\"og:type\" content=\"article\" \/>\n<meta property=\"og:title\" content=\"Assist\u00e8ncia t\u00e8cnica - Maquinsarent\" \/>\n<meta property=\"og:description\" content=\"Assist\u00e8ncia t\u00e8cnica El servei d\u00b4assist\u00e8ncia t\u00e8cnica dels nostres tallers de lloguer i venda de maquin\u00e0ria es destaca per: \u27a4 Solucions d&#8217;avaries a l&#8217;obra: El nostre equip t\u00e8cnic est\u00e0 disponible per brindar assist\u00e8ncia \u00e0gil i eficient al lloc de treball, garantint la r\u00e0pida resoluci\u00f3 de qualsevol problema que pugui sorgir durant l&#8217;\u00fas de la maquin\u00e0ria i [&hellip;]\" \/>\n<meta property=\"og:url\" content=\"https:\/\/maquinsarent.com\/ca\/assistencia-tecnica\/\" \/>\n<meta property=\"og:site_name\" content=\"Maquinsarent\" \/>\n<meta property=\"article:modified_time\" content=\"2024-09-26T10:04:07+00:00\" \/>\n<meta name=\"twitter:card\" content=\"summary_large_image\" \/>\n<meta name=\"twitter:label1\" content=\"Temps estimat de lectura\" \/>\n\t<meta name=\"twitter:data1\" content=\"1 minut\" \/>\n<script type=\"application\/ld+json\" class=\"yoast-schema-graph\">{\"@context\":\"https:\/\/schema.org\",\"@graph\":[{\"@type\":\"WebPage\",\"@id\":\"https:\/\/maquinsarent.com\/ca\/assistencia-tecnica\/\",\"url\":\"https:\/\/maquinsarent.com\/ca\/assistencia-tecnica\/\",\"name\":\"Assist\u00e8ncia t\u00e8cnica - Maquinsarent\",\"isPartOf\":{\"@id\":\"https:\/\/maquinsarent.com\/ca\/#website\"},\"datePublished\":\"2024-05-14T10:25:48+00:00\",\"dateModified\":\"2024-09-26T10:04:07+00:00\",\"breadcrumb\":{\"@id\":\"https:\/\/maquinsarent.com\/ca\/assistencia-tecnica\/#breadcrumb\"},\"inLanguage\":\"ca\",\"potentialAction\":[{\"@type\":\"ReadAction\",\"target\":[\"https:\/\/maquinsarent.com\/ca\/assistencia-tecnica\/\"]}]},{\"@type\":\"BreadcrumbList\",\"@id\":\"https:\/\/maquinsarent.com\/ca\/assistencia-tecnica\/#breadcrumb\",\"itemListElement\":[{\"@type\":\"ListItem\",\"position\":1,\"name\":\"Portada\",\"item\":\"https:\/\/maquinsarent.com\/ca\/\"},{\"@type\":\"ListItem\",\"position\":2,\"name\":\"Assist\u00e8ncia t\u00e8cnica\"}]},{\"@type\":\"WebSite\",\"@id\":\"https:\/\/maquinsarent.com\/ca\/#website\",\"url\":\"https:\/\/maquinsarent.com\/ca\/\",\"name\":\"Maquinsarent\",\"description\":\"La teva soluci\u00f3 en maquin\u00e0ria\",\"publisher\":{\"@id\":\"https:\/\/maquinsarent.com\/ca\/#organization\"},\"potentialAction\":[{\"@type\":\"SearchAction\",\"target\":{\"@type\":\"EntryPoint\",\"urlTemplate\":\"https:\/\/maquinsarent.com\/ca\/?s={search_term_string}\"},\"query-input\":{\"@type\":\"PropertyValueSpecification\",\"valueRequired\":true,\"valueName\":\"search_term_string\"}}],\"inLanguage\":\"ca\"},{\"@type\":\"Organization\",\"@id\":\"https:\/\/maquinsarent.com\/ca\/#organization\",\"name\":\"Maquinsarent\",\"url\":\"https:\/\/maquinsarent.com\/ca\/\",\"logo\":{\"@type\":\"ImageObject\",\"inLanguage\":\"ca\",\"@id\":\"https:\/\/maquinsarent.com\/ca\/#\/schema\/logo\/image\/\",\"url\":\"https:\/\/maquinsarent.com\/wp-content\/uploads\/2020\/03\/Maquinsarent-logo-blanco.svg\",\"contentUrl\":\"https:\/\/maquinsarent.com\/wp-content\/uploads\/2020\/03\/Maquinsarent-logo-blanco.svg\",\"width\":435.12,\"height\":139.14,\"caption\":\"Maquinsarent\"},\"image\":{\"@id\":\"https:\/\/maquinsarent.com\/ca\/#\/schema\/logo\/image\/\"},\"sameAs\":[\"https:\/\/www.linkedin.com\/company\/maquinsarent\/\",\"https:\/\/instagram.com\/maquinsarent\/\"]}]}<\/script>\n<!-- \/ Yoast SEO plugin. -->","yoast_head_json":{"title":"Assist\u00e8ncia t\u00e8cnica - Maquinsarent","robots":{"index":"index","follow":"follow","max-snippet":"max-snippet:-1","max-image-preview":"max-image-preview:large","max-video-preview":"max-video-preview:-1"},"canonical":"https:\/\/maquinsarent.com\/ca\/assistencia-tecnica\/","og_locale":"ca_ES","og_type":"article","og_title":"Assist\u00e8ncia t\u00e8cnica - Maquinsarent","og_description":"Assist\u00e8ncia t\u00e8cnica El servei d\u00b4assist\u00e8ncia t\u00e8cnica dels nostres tallers de lloguer i venda de maquin\u00e0ria es destaca per: \u27a4 Solucions d&#8217;avaries a l&#8217;obra: El nostre equip t\u00e8cnic est\u00e0 disponible per brindar assist\u00e8ncia \u00e0gil i eficient al lloc de treball, garantint la r\u00e0pida resoluci\u00f3 de qualsevol problema que pugui sorgir durant l&#8217;\u00fas de la maquin\u00e0ria i [&hellip;]","og_url":"https:\/\/maquinsarent.com\/ca\/assistencia-tecnica\/","og_site_name":"Maquinsarent","article_modified_time":"2024-09-26T10:04:07+00:00","twitter_card":"summary_large_image","twitter_misc":{"Temps estimat de lectura":"1 minut"},"schema":{"@context":"https:\/\/schema.org","@graph":[{"@type":"WebPage","@id":"https:\/\/maquinsarent.com\/ca\/assistencia-tecnica\/","url":"https:\/\/maquinsarent.com\/ca\/assistencia-tecnica\/","name":"Assist\u00e8ncia t\u00e8cnica - Maquinsarent","isPartOf":{"@id":"https:\/\/maquinsarent.com\/ca\/#website"},"datePublished":"2024-05-14T10:25:48+00:00","dateModified":"2024-09-26T10:04:07+00:00","breadcrumb":{"@id":"https:\/\/maquinsarent.com\/ca\/assistencia-tecnica\/#breadcrumb"},"inLanguage":"ca","potentialAction":[{"@type":"ReadAction","target":["https:\/\/maquinsarent.com\/ca\/assistencia-tecnica\/"]}]},{"@type":"BreadcrumbList","@id":"https:\/\/maquinsarent.com\/ca\/assistencia-tecnica\/#breadcrumb","itemListElement":[{"@type":"ListItem","position":1,"name":"Portada","item":"https:\/\/maquinsarent.com\/ca\/"},{"@type":"ListItem","position":2,"name":"Assist\u00e8ncia t\u00e8cnica"}]},{"@type":"WebSite","@id":"https:\/\/maquinsarent.com\/ca\/#website","url":"https:\/\/maquinsarent.com\/ca\/","name":"Maquinsarent","description":"La teva soluci\u00f3 en maquin\u00e0ria","publisher":{"@id":"https:\/\/maquinsarent.com\/ca\/#organization"},"potentialAction":[{"@type":"SearchAction","target":{"@type":"EntryPoint","urlTemplate":"https:\/\/maquinsarent.com\/ca\/?s={search_term_string}"},"query-input":{"@type":"PropertyValueSpecification","valueRequired":true,"valueName":"search_term_string"}}],"inLanguage":"ca"},{"@type":"Organization","@id":"https:\/\/maquinsarent.com\/ca\/#organization","name":"Maquinsarent","url":"https:\/\/maquinsarent.com\/ca\/","logo":{"@type":"ImageObject","inLanguage":"ca","@id":"https:\/\/maquinsarent.com\/ca\/#\/schema\/logo\/image\/","url":"https:\/\/maquinsarent.com\/wp-content\/uploads\/2020\/03\/Maquinsarent-logo-blanco.svg","contentUrl":"https:\/\/maquinsarent.com\/wp-content\/uploads\/2020\/03\/Maquinsarent-logo-blanco.svg","width":435.12,"height":139.14,"caption":"Maquinsarent"},"image":{"@id":"https:\/\/maquinsarent.com\/ca\/#\/schema\/logo\/image\/"},"sameAs":["https:\/\/www.linkedin.com\/company\/maquinsarent\/","https:\/\/instagram.com\/maquinsarent\/"]}]}},"_links":{"self":[{"href":"https:\/\/maquinsarent.com\/ca\/wp-json\/wp\/v2\/pages\/9234","targetHints":{"allow":["GET"]}}],"collection":[{"href":"https:\/\/maquinsarent.com\/ca\/wp-json\/wp\/v2\/pages"}],"about":[{"href":"https:\/\/maquinsarent.com\/ca\/wp-json\/wp\/v2\/types\/page"}],"author":[{"embeddable":true,"href":"https:\/\/maquinsarent.com\/ca\/wp-json\/wp\/v2\/users\/1"}],"replies":[{"embeddable":true,"href":"https:\/\/maquinsarent.com\/ca\/wp-json\/wp\/v2\/comments?post=9234"}],"version-history":[{"count":6,"href":"https:\/\/maquinsarent.com\/ca\/wp-json\/wp\/v2\/pages\/9234\/revisions"}],"predecessor-version":[{"id":11370,"href":"https:\/\/maquinsarent.com\/ca\/wp-json\/wp\/v2\/pages\/9234\/revisions\/11370"}],"wp:attachment":[{"href":"https:\/\/maquinsarent.com\/ca\/wp-json\/wp\/v2\/media?parent=9234"}],"curies":[{"name":"wp","href":"https:\/\/api.w.org\/{rel}","templated":true}]}}